{"id":53,"date":"2015-02-18T11:12:49","date_gmt":"2015-02-18T11:12:49","guid":{"rendered":"http:\/\/cdboerse-muenchen.de\/?page_id=53"},"modified":"2015-07-11T13:17:30","modified_gmt":"2015-07-11T13:17:30","slug":"vinyl","status":"publish","type":"page","link":"http:\/\/cdboerse-muenchen.de\/?page_id=53","title":{"rendered":"Vinyl"},"content":{"rendered":"<div id=\"gallery-1\" data-slideshowSpeed=\"2500\"  class=\"gallery-photos-box gallery galleryid-53 gallery-columns-3 clearfix\"><div class=\"gallery-row clearfix\"><div class=\"gallery-image gallery-image-1\"><a class=\"photosbox\" rel=\"gallery1\" title=\"\" href=\"http:\/\/cdboerse-muenchen.de\/wp-content\/uploads\/2015\/02\/Vinyl-2.jpg\"><img width=\"405\" height=\"270\" src=\"http:\/\/cdboerse-muenchen.de\/wp-content\/uploads\/2015\/02\/Vinyl-2-405x270.jpg\" class=\"attachment-height270 size-height270\" alt=\"\" decoding=\"async\" loading=\"lazy\" srcset=\"http:\/\/cdboerse-muenchen.de\/wp-content\/uploads\/2015\/02\/Vinyl-2-405x270.jpg 405w, http:\/\/cdboerse-muenchen.de\/wp-content\/uploads\/2015\/02\/Vinyl-2-300x200.jpg 300w, http:\/\/cdboerse-muenchen.de\/wp-content\/uploads\/2015\/02\/Vinyl-2-1024x682.jpg 1024w, http:\/\/cdboerse-muenchen.de\/wp-content\/uploads\/2015\/02\/Vinyl-2-870x580.jpg 870w, http:\/\/cdboerse-muenchen.de\/wp-content\/uploads\/2015\/02\/Vinyl-2-135x90.jpg 135w, http:\/\/cdboerse-muenchen.de\/wp-content\/uploads\/2015\/02\/Vinyl-2-203x135.jpg 203w, http:\/\/cdboerse-muenchen.de\/wp-content\/uploads\/2015\/02\/Vinyl-2-288x192.jpg 288w, http:\/\/cdboerse-muenchen.de\/wp-content\/uploads\/2015\/02\/Vinyl-2-540x360.jpg 540w, http:\/\/cdboerse-muenchen.de\/wp-content\/uploads\/2015\/02\/Vinyl-2.jpg 1559w\" sizes=\"(max-width: 405px) 100vw, 405px\" \/><span class=\"image_title\"><\/span><\/a><\/div><div class=\"gallery-image gallery-image-2\"><a class=\"photosbox\" rel=\"gallery1\" title=\"\" href=\"http:\/\/cdboerse-muenchen.de\/wp-content\/uploads\/2015\/02\/Vinyl-11.jpg\"><img width=\"405\" height=\"270\" src=\"http:\/\/cdboerse-muenchen.de\/wp-content\/uploads\/2015\/02\/Vinyl-11-405x270.jpg\" class=\"attachment-height270 size-height270\" alt=\"\" decoding=\"async\" loading=\"lazy\" srcset=\"http:\/\/cdboerse-muenchen.de\/wp-content\/uploads\/2015\/02\/Vinyl-11-405x270.jpg 405w, http:\/\/cdboerse-muenchen.de\/wp-content\/uploads\/2015\/02\/Vinyl-11-300x200.jpg 300w, http:\/\/cdboerse-muenchen.de\/wp-content\/uploads\/2015\/02\/Vinyl-11-1024x682.jpg 1024w, http:\/\/cdboerse-muenchen.de\/wp-content\/uploads\/2015\/02\/Vinyl-11-870x580.jpg 870w, http:\/\/cdboerse-muenchen.de\/wp-content\/uploads\/2015\/02\/Vinyl-11-135x90.jpg 135w, http:\/\/cdboerse-muenchen.de\/wp-content\/uploads\/2015\/02\/Vinyl-11-203x135.jpg 203w, http:\/\/cdboerse-muenchen.de\/wp-content\/uploads\/2015\/02\/Vinyl-11-288x192.jpg 288w, http:\/\/cdboerse-muenchen.de\/wp-content\/uploads\/2015\/02\/Vinyl-11-540x360.jpg 540w, http:\/\/cdboerse-muenchen.de\/wp-content\/uploads\/2015\/02\/Vinyl-11.jpg 1559w\" sizes=\"(max-width: 405px) 100vw, 405px\" \/><span class=\"image_title\"><\/span><\/a><\/div><div class=\"gallery-image gallery-image-3\"><a class=\"photosbox\" rel=\"gallery1\" title=\"\" href=\"http:\/\/cdboerse-muenchen.de\/wp-content\/uploads\/2015\/02\/Vinyl-3.jpg\"><img width=\"405\" height=\"270\" src=\"http:\/\/cdboerse-muenchen.de\/wp-content\/uploads\/2015\/02\/Vinyl-3-405x270.jpg\" class=\"attachment-height270 size-height270\" alt=\"\" decoding=\"async\" loading=\"lazy\" srcset=\"http:\/\/cdboerse-muenchen.de\/wp-content\/uploads\/2015\/02\/Vinyl-3-405x270.jpg 405w, http:\/\/cdboerse-muenchen.de\/wp-content\/uploads\/2015\/02\/Vinyl-3-300x200.jpg 300w, http:\/\/cdboerse-muenchen.de\/wp-content\/uploads\/2015\/02\/Vinyl-3-1024x683.jpg 1024w, http:\/\/cdboerse-muenchen.de\/wp-content\/uploads\/2015\/02\/Vinyl-3-870x580.jpg 870w, http:\/\/cdboerse-muenchen.de\/wp-content\/uploads\/2015\/02\/Vinyl-3-135x90.jpg 135w, http:\/\/cdboerse-muenchen.de\/wp-content\/uploads\/2015\/02\/Vinyl-3-203x135.jpg 203w, http:\/\/cdboerse-muenchen.de\/wp-content\/uploads\/2015\/02\/Vinyl-3-288x192.jpg 288w, http:\/\/cdboerse-muenchen.de\/wp-content\/uploads\/2015\/02\/Vinyl-3-540x360.jpg 540w, http:\/\/cdboerse-muenchen.de\/wp-content\/uploads\/2015\/02\/Vinyl-3.jpg 1170w\" sizes=\"(max-width: 405px) 100vw, 405px\" \/><span class=\"image_title\"><\/span><\/a><\/div><br style=\"clear:both;\" \/><\/div>\n<p>Auch Dock&#8217;s CD-B\u00f6rse liebt das &#8222;schwarze Gold&#8220;!<\/p>\n<p>Schon seit einigen Jahren kommen wir der stetig steigenden Nachfrage unserer Kunden nach der guten alten LP durch erweiterte Verkaufsfl\u00e4chen, sowie verst\u00e4rkter Ank\u00e4ufe auch gr\u00f6\u00dferer Plattensammlungen nach. Das so oft zitierte &#8222;Comeback der Schallplatte&#8220; haben wir uns zu Herzen genommen und bieten auch dem Vinylliebhaber ein breites Musikspektrum aus<\/p>\n<p>Rock\/Pop, Metal, Funk, Soul, Reggae, Weltmusik, Ital.\/Franz. &amp; Deutsche Interpreten, Soundtracks, Musicals, Jazz, Vocal Jazz, Easy Listening, Maxi LPs f\u00fcr EUR 1,00, sowie eine umfangreiche Auswahl an Klassik LPs. Selbst ganze Opern Boxen in Top Zustand kosten hier gerade einmal EUR 5,00.<\/p>\n<p>Auch unsere Abteilung f\u00fcr noch verschweisste aktuelle Neuerscheinungen werden wir nach und nach aufr\u00fcsten, um auch auf Vinyl die aktuellste Chartsware anbieten zu k\u00f6nnen.<\/p>\n","protected":false},"excerpt":{"rendered":"<p>Auch Dock&#8217;s CD-B\u00f6rse liebt das &#8222;schwarze Gold&#8220;! Schon seit einigen Jahren kommen wir der stetig steigenden Nachfrage unserer Kunden nach der guten alten LP durch erweiterte Verkaufsfl\u00e4chen, sowie verst\u00e4rkter Ank\u00e4ufe auch gr\u00f6\u00dferer Plattensammlungen nach. Das so oft zitierte &#8222;Comeback der Schallplatte&#8220; haben wir uns zu Herzen genommen und bieten auch dem Vinylliebhaber ein breites Musikspektrum [&hellip;]<\/p>\n","protected":false},"author":1,"featured_media":0,"parent":0,"menu_order":0,"comment_status":"closed","ping_status":"closed","template":"","meta":[],"_links":{"self":[{"href":"http:\/\/cdboerse-muenchen.de\/index.php?rest_route=\/wp\/v2\/pages\/53"}],"collection":[{"href":"http:\/\/cdboerse-muenchen.de\/index.php?rest_route=\/wp\/v2\/pages"}],"about":[{"href":"http:\/\/cdboerse-muenchen.de\/index.php?rest_route=\/wp\/v2\/types\/page"}],"author":[{"embeddable":true,"href":"http:\/\/cdboerse-muenchen.de\/index.php?rest_route=\/wp\/v2\/users\/1"}],"replies":[{"embeddable":true,"href":"http:\/\/cdboerse-muenchen.de\/index.php?rest_route=%2Fwp%2Fv2%2Fcomments&post=53"}],"version-history":[{"count":3,"href":"http:\/\/cdboerse-muenchen.de\/index.php?rest_route=\/wp\/v2\/pages\/53\/revisions"}],"predecessor-version":[{"id":57,"href":"http:\/\/cdboerse-muenchen.de\/index.php?rest_route=\/wp\/v2\/pages\/53\/revisions\/57"}],"wp:attachment":[{"href":"http:\/\/cdboerse-muenchen.de\/index.php?rest_route=%2Fwp%2Fv2%2Fmedia&parent=53"}],"curies":[{"name":"wp","href":"https:\/\/api.w.org\/{rel}","templated":true}]}}