{"id":59,"date":"2015-02-18T11:17:14","date_gmt":"2015-02-18T11:17:14","guid":{"rendered":"http:\/\/cdboerse-muenchen.de\/?page_id=59"},"modified":"2015-07-11T13:43:29","modified_gmt":"2015-07-11T13:43:29","slug":"das-cd-untergeschoss","status":"publish","type":"page","link":"http:\/\/cdboerse-muenchen.de\/?page_id=59","title":{"rendered":"CD Untergescho\u00df"},"content":{"rendered":"<div id=\"gallery-1\" data-slideshowSpeed=\"2500\"  class=\"gallery-photos-box gallery galleryid-59 gallery-columns-3 clearfix\"><div class=\"gallery-row clearfix\"><div class=\"gallery-image gallery-image-1\"><a class=\"photosbox\" rel=\"gallery1\" title=\"\" href=\"http:\/\/cdboerse-muenchen.de\/wp-content\/uploads\/2015\/02\/CD-11.jpg\"><img width=\"405\" height=\"270\" src=\"http:\/\/cdboerse-muenchen.de\/wp-content\/uploads\/2015\/02\/CD-11-405x270.jpg\" class=\"attachment-height270 size-height270\" alt=\"\" decoding=\"async\" loading=\"lazy\" srcset=\"http:\/\/cdboerse-muenchen.de\/wp-content\/uploads\/2015\/02\/CD-11-405x270.jpg 405w, http:\/\/cdboerse-muenchen.de\/wp-content\/uploads\/2015\/02\/CD-11-300x200.jpg 300w, http:\/\/cdboerse-muenchen.de\/wp-content\/uploads\/2015\/02\/CD-11-1024x682.jpg 1024w, http:\/\/cdboerse-muenchen.de\/wp-content\/uploads\/2015\/02\/CD-11-870x580.jpg 870w, http:\/\/cdboerse-muenchen.de\/wp-content\/uploads\/2015\/02\/CD-11-135x90.jpg 135w, http:\/\/cdboerse-muenchen.de\/wp-content\/uploads\/2015\/02\/CD-11-203x135.jpg 203w, http:\/\/cdboerse-muenchen.de\/wp-content\/uploads\/2015\/02\/CD-11-288x192.jpg 288w, http:\/\/cdboerse-muenchen.de\/wp-content\/uploads\/2015\/02\/CD-11-540x360.jpg 540w, http:\/\/cdboerse-muenchen.de\/wp-content\/uploads\/2015\/02\/CD-11-e1423930292798.jpg 1170w\" sizes=\"(max-width: 405px) 100vw, 405px\" \/><span class=\"image_title\"><\/span><\/a><\/div><div class=\"gallery-image gallery-image-2\"><a class=\"photosbox\" rel=\"gallery1\" title=\"\" href=\"http:\/\/cdboerse-muenchen.de\/wp-content\/uploads\/2015\/02\/CD-2.jpg\"><img width=\"405\" height=\"270\" src=\"http:\/\/cdboerse-muenchen.de\/wp-content\/uploads\/2015\/02\/CD-2-405x270.jpg\" class=\"attachment-height270 size-height270\" alt=\"\" decoding=\"async\" loading=\"lazy\" srcset=\"http:\/\/cdboerse-muenchen.de\/wp-content\/uploads\/2015\/02\/CD-2-405x270.jpg 405w, http:\/\/cdboerse-muenchen.de\/wp-content\/uploads\/2015\/02\/CD-2-300x200.jpg 300w, http:\/\/cdboerse-muenchen.de\/wp-content\/uploads\/2015\/02\/CD-2-1024x682.jpg 1024w, http:\/\/cdboerse-muenchen.de\/wp-content\/uploads\/2015\/02\/CD-2-870x580.jpg 870w, http:\/\/cdboerse-muenchen.de\/wp-content\/uploads\/2015\/02\/CD-2-135x90.jpg 135w, http:\/\/cdboerse-muenchen.de\/wp-content\/uploads\/2015\/02\/CD-2-203x135.jpg 203w, http:\/\/cdboerse-muenchen.de\/wp-content\/uploads\/2015\/02\/CD-2-288x192.jpg 288w, http:\/\/cdboerse-muenchen.de\/wp-content\/uploads\/2015\/02\/CD-2-540x360.jpg 540w, http:\/\/cdboerse-muenchen.de\/wp-content\/uploads\/2015\/02\/CD-2-e1423930274656.jpg 1170w\" sizes=\"(max-width: 405px) 100vw, 405px\" \/><span class=\"image_title\"><\/span><\/a><\/div><div class=\"gallery-image gallery-image-3\"><a class=\"photosbox\" rel=\"gallery1\" title=\"\" href=\"http:\/\/cdboerse-muenchen.de\/wp-content\/uploads\/2015\/02\/CD-3.jpg\"><img width=\"405\" height=\"270\" src=\"http:\/\/cdboerse-muenchen.de\/wp-content\/uploads\/2015\/02\/CD-3-405x270.jpg\" class=\"attachment-height270 size-height270\" alt=\"\" decoding=\"async\" loading=\"lazy\" srcset=\"http:\/\/cdboerse-muenchen.de\/wp-content\/uploads\/2015\/02\/CD-3-405x270.jpg 405w, http:\/\/cdboerse-muenchen.de\/wp-content\/uploads\/2015\/02\/CD-3-300x200.jpg 300w, http:\/\/cdboerse-muenchen.de\/wp-content\/uploads\/2015\/02\/CD-3-1024x682.jpg 1024w, http:\/\/cdboerse-muenchen.de\/wp-content\/uploads\/2015\/02\/CD-3-870x580.jpg 870w, http:\/\/cdboerse-muenchen.de\/wp-content\/uploads\/2015\/02\/CD-3-135x90.jpg 135w, http:\/\/cdboerse-muenchen.de\/wp-content\/uploads\/2015\/02\/CD-3-203x135.jpg 203w, http:\/\/cdboerse-muenchen.de\/wp-content\/uploads\/2015\/02\/CD-3-288x192.jpg 288w, http:\/\/cdboerse-muenchen.de\/wp-content\/uploads\/2015\/02\/CD-3-540x360.jpg 540w, http:\/\/cdboerse-muenchen.de\/wp-content\/uploads\/2015\/02\/CD-3-e1423930241783.jpg 1170w\" sizes=\"(max-width: 405px) 100vw, 405px\" \/><span class=\"image_title\"><\/span><\/a><\/div><br style=\"clear:both;\" \/><\/div>\n<p>Trotz zun\u00e4chst klein wirkender Ladenfront staunt der Kunde bald \u00fcber ein riesiges Kellergew\u00f6lbe mit einer CD-Auswahl, die unter Second Hand Gesch\u00e4ften ihresgleichen sucht.<\/p>\n<p>Hier findet wohl jeder seinen Musikgeschmack: Ob Rock\/Pop, Heavy Metal, Soul, HipHop, Acid Jazz, Lounge, TripHop, Techno, Reggae oder Sampler finden sich hier auch Musikrichtungen abseits des &#8222;Mainstream&#8220;, wie Blues, Country, Meditation, Instrumental, Weltmusik, Filmmusik, Musicals, Ital.\/Franz. &amp; Deutsche Interpreten, Rock\u2019n\u2019Roll, Easy Listening, Vocal Jazz und eine riesige Auswahl an H\u00f6rb\u00fcchern.<\/p>\n","protected":false},"excerpt":{"rendered":"<p>Trotz zun\u00e4chst klein wirkender Ladenfront staunt der Kunde bald \u00fcber ein riesiges Kellergew\u00f6lbe mit einer CD-Auswahl, die unter Second Hand Gesch\u00e4ften ihresgleichen sucht. Hier findet wohl jeder seinen Musikgeschmack: Ob Rock\/Pop, Heavy Metal, Soul, HipHop, Acid Jazz, Lounge, TripHop, Techno, Reggae oder Sampler finden sich hier auch Musikrichtungen abseits des &#8222;Mainstream&#8220;, wie Blues, Country, Meditation, [&hellip;]<\/p>\n","protected":false},"author":1,"featured_media":0,"parent":0,"menu_order":0,"comment_status":"closed","ping_status":"closed","template":"","meta":[],"_links":{"self":[{"href":"http:\/\/cdboerse-muenchen.de\/index.php?rest_route=\/wp\/v2\/pages\/59"}],"collection":[{"href":"http:\/\/cdboerse-muenchen.de\/index.php?rest_route=\/wp\/v2\/pages"}],"about":[{"href":"http:\/\/cdboerse-muenchen.de\/index.php?rest_route=\/wp\/v2\/types\/page"}],"author":[{"embeddable":true,"href":"http:\/\/cdboerse-muenchen.de\/index.php?rest_route=\/wp\/v2\/users\/1"}],"replies":[{"embeddable":true,"href":"http:\/\/cdboerse-muenchen.de\/index.php?rest_route=%2Fwp%2Fv2%2Fcomments&post=59"}],"version-history":[{"count":7,"href":"http:\/\/cdboerse-muenchen.de\/index.php?rest_route=\/wp\/v2\/pages\/59\/revisions"}],"predecessor-version":[{"id":144,"href":"http:\/\/cdboerse-muenchen.de\/index.php?rest_route=\/wp\/v2\/pages\/59\/revisions\/144"}],"wp:attachment":[{"href":"http:\/\/cdboerse-muenchen.de\/index.php?rest_route=%2Fwp%2Fv2%2Fmedia&parent=59"}],"curies":[{"name":"wp","href":"https:\/\/api.w.org\/{rel}","templated":true}]}}