{"id":66,"date":"2015-02-18T11:32:04","date_gmt":"2015-02-18T11:32:04","guid":{"rendered":"http:\/\/cdboerse-muenchen.de\/?page_id=66"},"modified":"2015-07-11T13:44:15","modified_gmt":"2015-07-11T13:44:15","slug":"jazz-und-klassik-cds","status":"publish","type":"page","link":"http:\/\/cdboerse-muenchen.de\/?page_id=66","title":{"rendered":"Jazz und Klassik"},"content":{"rendered":"<div id=\"gallery-1\" data-slideshowSpeed=\"2500\"  class=\"gallery-photos-box gallery galleryid-66 gallery-columns-3 clearfix\"><div class=\"gallery-row clearfix\"><div class=\"gallery-image gallery-image-1\"><a class=\"photosbox\" rel=\"gallery1\" title=\"\" href=\"http:\/\/cdboerse-muenchen.de\/wp-content\/uploads\/2015\/02\/Klassik-1.jpg\"><img width=\"405\" height=\"270\" src=\"http:\/\/cdboerse-muenchen.de\/wp-content\/uploads\/2015\/02\/Klassik-1-405x270.jpg\" class=\"attachment-height270 size-height270\" alt=\"\" decoding=\"async\" loading=\"lazy\" srcset=\"http:\/\/cdboerse-muenchen.de\/wp-content\/uploads\/2015\/02\/Klassik-1-405x270.jpg 405w, http:\/\/cdboerse-muenchen.de\/wp-content\/uploads\/2015\/02\/Klassik-1-300x200.jpg 300w, http:\/\/cdboerse-muenchen.de\/wp-content\/uploads\/2015\/02\/Klassik-1-1024x682.jpg 1024w, http:\/\/cdboerse-muenchen.de\/wp-content\/uploads\/2015\/02\/Klassik-1-870x580.jpg 870w, http:\/\/cdboerse-muenchen.de\/wp-content\/uploads\/2015\/02\/Klassik-1-135x90.jpg 135w, http:\/\/cdboerse-muenchen.de\/wp-content\/uploads\/2015\/02\/Klassik-1-203x135.jpg 203w, http:\/\/cdboerse-muenchen.de\/wp-content\/uploads\/2015\/02\/Klassik-1-288x192.jpg 288w, http:\/\/cdboerse-muenchen.de\/wp-content\/uploads\/2015\/02\/Klassik-1-540x360.jpg 540w, http:\/\/cdboerse-muenchen.de\/wp-content\/uploads\/2015\/02\/Klassik-1.jpg 1559w\" sizes=\"(max-width: 405px) 100vw, 405px\" \/><span class=\"image_title\"><\/span><\/a><\/div><div class=\"gallery-image gallery-image-2\"><a class=\"photosbox\" rel=\"gallery1\" title=\"\" href=\"http:\/\/cdboerse-muenchen.de\/wp-content\/uploads\/2015\/02\/Jazz.jpg\"><img width=\"405\" height=\"270\" src=\"http:\/\/cdboerse-muenchen.de\/wp-content\/uploads\/2015\/02\/Jazz-405x270.jpg\" class=\"attachment-height270 size-height270\" alt=\"\" decoding=\"async\" loading=\"lazy\" srcset=\"http:\/\/cdboerse-muenchen.de\/wp-content\/uploads\/2015\/02\/Jazz-405x270.jpg 405w, http:\/\/cdboerse-muenchen.de\/wp-content\/uploads\/2015\/02\/Jazz-300x200.jpg 300w, http:\/\/cdboerse-muenchen.de\/wp-content\/uploads\/2015\/02\/Jazz-1024x682.jpg 1024w, http:\/\/cdboerse-muenchen.de\/wp-content\/uploads\/2015\/02\/Jazz-870x580.jpg 870w, http:\/\/cdboerse-muenchen.de\/wp-content\/uploads\/2015\/02\/Jazz-135x90.jpg 135w, http:\/\/cdboerse-muenchen.de\/wp-content\/uploads\/2015\/02\/Jazz-203x135.jpg 203w, http:\/\/cdboerse-muenchen.de\/wp-content\/uploads\/2015\/02\/Jazz-288x192.jpg 288w, http:\/\/cdboerse-muenchen.de\/wp-content\/uploads\/2015\/02\/Jazz-540x360.jpg 540w, http:\/\/cdboerse-muenchen.de\/wp-content\/uploads\/2015\/02\/Jazz.jpg 1559w\" sizes=\"(max-width: 405px) 100vw, 405px\" \/><span class=\"image_title\"><\/span><\/a><\/div><div class=\"gallery-image gallery-image-3\"><a class=\"photosbox\" rel=\"gallery1\" title=\"\" href=\"http:\/\/cdboerse-muenchen.de\/wp-content\/uploads\/2015\/02\/Klassik-2.jpg\"><img width=\"405\" height=\"270\" src=\"http:\/\/cdboerse-muenchen.de\/wp-content\/uploads\/2015\/02\/Klassik-2-405x270.jpg\" class=\"attachment-height270 size-height270\" alt=\"\" decoding=\"async\" loading=\"lazy\" srcset=\"http:\/\/cdboerse-muenchen.de\/wp-content\/uploads\/2015\/02\/Klassik-2-405x270.jpg 405w, http:\/\/cdboerse-muenchen.de\/wp-content\/uploads\/2015\/02\/Klassik-2-300x200.jpg 300w, http:\/\/cdboerse-muenchen.de\/wp-content\/uploads\/2015\/02\/Klassik-2-1024x682.jpg 1024w, http:\/\/cdboerse-muenchen.de\/wp-content\/uploads\/2015\/02\/Klassik-2-870x580.jpg 870w, http:\/\/cdboerse-muenchen.de\/wp-content\/uploads\/2015\/02\/Klassik-2-135x90.jpg 135w, http:\/\/cdboerse-muenchen.de\/wp-content\/uploads\/2015\/02\/Klassik-2-203x135.jpg 203w, http:\/\/cdboerse-muenchen.de\/wp-content\/uploads\/2015\/02\/Klassik-2-288x192.jpg 288w, http:\/\/cdboerse-muenchen.de\/wp-content\/uploads\/2015\/02\/Klassik-2-540x360.jpg 540w, http:\/\/cdboerse-muenchen.de\/wp-content\/uploads\/2015\/02\/Klassik-2.jpg 1559w\" sizes=\"(max-width: 405px) 100vw, 405px\" \/><span class=\"image_title\"><\/span><\/a><\/div><br style=\"clear:both;\" \/><\/div>\n<p>Diese beiden R\u00e4ume sind wahre Schmuckk\u00e4stchen f\u00fcr Genie\u00dfer der &#8222;anspruchsvollen&#8220; T\u00f6ne.<\/p>\n<p>Jeweils gut sortiert nach Interpreten oder Komponisten werden hier regelm\u00e4\u00dfig l\u00e4ngst vergriffene Rarit\u00e4ten von Sammlern aus den Regalen gezogen.<\/p>\n<p>Der Klassik Raum, untermalt von dezenter symphonischer Musik, bietet zus\u00e4tzlich eine beachtliche Auswahl an Opern und Operetten Boxen.<\/p>\n<p>Besonders beliebt sind auch unsere Klassik LPs, die wir trotz hervorragendem Zustand zum St\u00fcckpreis von EUR 1,- anbieten. Wo gibt es das schon?<\/p>\n","protected":false},"excerpt":{"rendered":"<p>Diese beiden R\u00e4ume sind wahre Schmuckk\u00e4stchen f\u00fcr Genie\u00dfer der &#8222;anspruchsvollen&#8220; T\u00f6ne. Jeweils gut sortiert nach Interpreten oder Komponisten werden hier regelm\u00e4\u00dfig l\u00e4ngst vergriffene Rarit\u00e4ten von Sammlern aus den Regalen gezogen. Der Klassik Raum, untermalt von dezenter symphonischer Musik, bietet zus\u00e4tzlich eine beachtliche Auswahl an Opern und Operetten Boxen. Besonders beliebt sind auch unsere Klassik LPs, [&hellip;]<\/p>\n","protected":false},"author":1,"featured_media":0,"parent":0,"menu_order":0,"comment_status":"closed","ping_status":"closed","template":"","meta":[],"_links":{"self":[{"href":"http:\/\/cdboerse-muenchen.de\/index.php?rest_route=\/wp\/v2\/pages\/66"}],"collection":[{"href":"http:\/\/cdboerse-muenchen.de\/index.php?rest_route=\/wp\/v2\/pages"}],"about":[{"href":"http:\/\/cdboerse-muenchen.de\/index.php?rest_route=\/wp\/v2\/types\/page"}],"author":[{"embeddable":true,"href":"http:\/\/cdboerse-muenchen.de\/index.php?rest_route=\/wp\/v2\/users\/1"}],"replies":[{"embeddable":true,"href":"http:\/\/cdboerse-muenchen.de\/index.php?rest_route=%2Fwp%2Fv2%2Fcomments&post=66"}],"version-history":[{"count":6,"href":"http:\/\/cdboerse-muenchen.de\/index.php?rest_route=\/wp\/v2\/pages\/66\/revisions"}],"predecessor-version":[{"id":213,"href":"http:\/\/cdboerse-muenchen.de\/index.php?rest_route=\/wp\/v2\/pages\/66\/revisions\/213"}],"wp:attachment":[{"href":"http:\/\/cdboerse-muenchen.de\/index.php?rest_route=%2Fwp%2Fv2%2Fmedia&parent=66"}],"curies":[{"name":"wp","href":"https:\/\/api.w.org\/{rel}","templated":true}]}}